{"id":323,"date":"2020-10-05T22:21:33","date_gmt":"2020-10-05T20:21:33","guid":{"rendered":"https:\/\/www.acesarria.com\/?page_id=323"},"modified":"2021-03-31T17:02:04","modified_gmt":"2021-03-31T15:02:04","slug":"estancos","status":"publish","type":"page","link":"https:\/\/acesarria.com\/es\/estancos\/","title":{"rendered":"Estancos"},"content":{"rendered":"\t\t<div data-elementor-type=\"wp-page\" data-elementor-id=\"323\" class=\"elementor elementor-323\">\n\t\t\t\t\t\t<section class=\"elementor-section elementor-top-section elementor-element elementor-element-bd75597 elementor-section-boxed elementor-section-height-default elementor-section-height-default\" data-id=\"bd75597\" data-element_type=\"section\" data-e-type=\"section\">\n\t\t\t\t\t\t<div class=\"elementor-container elementor-column-gap-default\">\n\t\t\t\t\t<div class=\"elementor-column elementor-col-100 elementor-top-column elementor-element elementor-element-c0b258b\" data-id=\"c0b258b\" data-element_type=\"column\" data-e-type=\"column\">\n\t\t\t<div class=\"elementor-widget-wrap elementor-element-populated\">\n\t\t\t\t\t\t<div class=\"elementor-element elementor-element-caaa473 elementor-widget elementor-widget-heading\" data-id=\"caaa473\" data-element_type=\"widget\" data-e-type=\"widget\" data-widget_type=\"heading.default\">\n\t\t\t\t<div class=\"elementor-widget-container\">\n\t\t\t\t\t<h1 class=\"elementor-heading-title elementor-size-default\">Estancos<\/h1>\t\t\t\t<\/div>\n\t\t\t\t<\/div>\n\t\t\t\t<div class=\"elementor-element elementor-element-8cbadb6 elementor-widget-divider--separator-type-pattern elementor-widget-divider--view-line elementor-widget elementor-widget-divider\" data-id=\"8cbadb6\" data-element_type=\"widget\" data-e-type=\"widget\" data-widget_type=\"divider.default\">\n\t\t\t\t<div class=\"elementor-widget-container\">\n\t\t\t\t\t\t\t<div class=\"elementor-divider\" style=\"--divider-pattern-url: url(&quot;data:image\/svg+xml,%3Csvg xmlns=&#039;http:\/\/www.w3.org\/2000\/svg&#039; preserveAspectRatio=&#039;none&#039; overflow=&#039;visible&#039; height=&#039;100%&#039; viewBox=&#039;0 0 20 16&#039; fill=&#039;none&#039; stroke=&#039;black&#039; stroke-width=&#039;1&#039; stroke-linecap=&#039;square&#039; stroke-miterlimit=&#039;10&#039;%3E%3Cg transform=&#039;translate(-12.000000, 0)&#039;%3E%3Cpath d=&#039;M28,0L10,18&#039;\/%3E%3Cpath d=&#039;M18,0L0,18&#039;\/%3E%3Cpath d=&#039;M48,0L30,18&#039;\/%3E%3Cpath d=&#039;M38,0L20,18&#039;\/%3E%3C\/g%3E%3C\/svg%3E&quot;);\">\n\t\t\t<span class=\"elementor-divider-separator\">\n\t\t\t\t\t\t<\/span>\n\t\t<\/div>\n\t\t\t\t\t\t<\/div>\n\t\t\t\t<\/div>\n\t\t\t\t\t<\/div>\n\t\t<\/div>\n\t\t\t\t\t<\/div>\n\t\t<\/section>\n\t\t\t\t<section class=\"elementor-section elementor-top-section elementor-element elementor-element-b1c29c2 elementor-section-boxed elementor-section-height-default elementor-section-height-default\" data-id=\"b1c29c2\" data-element_type=\"section\" data-e-type=\"section\">\n\t\t\t\t\t\t<div class=\"elementor-container elementor-column-gap-wide\">\n\t\t\t\t\t<div class=\"elementor-column elementor-col-33 elementor-top-column elementor-element elementor-element-fac192e\" data-id=\"fac192e\" data-element_type=\"column\" data-e-type=\"column\">\n\t\t\t<div class=\"elementor-widget-wrap elementor-element-populated\">\n\t\t\t\t\t\t<div class=\"elementor-element elementor-element-8dd0fb7 elementor-arrows-position-inside elementor-widget elementor-widget-image-carousel\" data-id=\"8dd0fb7\" data-element_type=\"widget\" data-e-type=\"widget\" data-settings=\"{&quot;slides_to_show&quot;:&quot;1&quot;,&quot;navigation&quot;:&quot;arrows&quot;,&quot;autoplay&quot;:&quot;yes&quot;,&quot;pause_on_hover&quot;:&quot;yes&quot;,&quot;pause_on_interaction&quot;:&quot;yes&quot;,&quot;autoplay_speed&quot;:5000,&quot;infinite&quot;:&quot;yes&quot;,&quot;effect&quot;:&quot;slide&quot;,&quot;speed&quot;:500}\" data-widget_type=\"image-carousel.default\">\n\t\t\t\t<div class=\"elementor-widget-container\">\n\t\t\t\t\t\t\t<div class=\"elementor-image-carousel-wrapper swiper\" role=\"region\" aria-roledescription=\"carousel\" aria-label=\"Carrusel de imaxes\" dir=\"ltr\">\n\t\t\t<div class=\"elementor-image-carousel swiper-wrapper swiper-image-stretch\" aria-live=\"off\">\n\t\t\t\t\t\t\t\t<div class=\"swiper-slide\" role=\"group\" aria-roledescription=\"slide\" aria-label=\"1 de 1\"><a data-elementor-open-lightbox=\"yes\" data-elementor-lightbox-slideshow=\"8dd0fb7\" data-elementor-lightbox-title=\"Estanco Gallego\" data-e-action-hash=\"#elementor-action%3Aaction%3Dlightbox%26settings%3DeyJpZCI6MzQ4MiwidXJsIjoiaHR0cHM6XC9cL2FjZXNhcnJpYS5jb21cL3dwLWNvbnRlbnRcL3VwbG9hZHNcLzIwMjFcLzAzXC9Fc3RhbmNvLUdhbGxlZ28uanBnIiwic2xpZGVzaG93IjoiOGRkMGZiNyJ9\" href=\"https:\/\/acesarria.com\/wp-content\/uploads\/2021\/03\/Estanco-Gallego.jpg\"><figure class=\"swiper-slide-inner\"><img decoding=\"async\" class=\"swiper-slide-image\" src=\"https:\/\/acesarria.com\/wp-content\/uploads\/2021\/03\/Estanco-Gallego.jpg\" alt=\"Estanco Gallego\" \/><\/figure><\/a><\/div>\t\t\t<\/div>\n\t\t\t\t\t<\/div>\n\t\t\t\t\t\t<\/div>\n\t\t\t\t<\/div>\n\t\t\t\t<div class=\"elementor-element elementor-element-419ed23 elementor-widget elementor-widget-heading\" data-id=\"419ed23\" data-element_type=\"widget\" data-e-type=\"widget\" data-widget_type=\"heading.default\">\n\t\t\t\t<div class=\"elementor-widget-container\">\n\t\t\t\t\t<h2 class=\"elementor-heading-title elementor-size-default\">ESTANCO GALLEGO<\/h2>\t\t\t\t<\/div>\n\t\t\t\t<\/div>\n\t\t\t\t<div class=\"elementor-element elementor-element-45c681e elementor-position-inline-start elementor-view-default elementor-mobile-position-block-start elementor-widget elementor-widget-icon-box\" data-id=\"45c681e\" data-element_type=\"widget\" data-e-type=\"widget\" data-widget_type=\"icon-box.default\">\n\t\t\t\t<div class=\"elementor-widget-container\">\n\t\t\t\t\t\t\t<div class=\"elementor-icon-box-wrapper\">\n\n\t\t\t\t\t\t<div class=\"elementor-icon-box-icon\">\n\t\t\t\t<span  class=\"elementor-icon\">\n\t\t\t\t<i aria-hidden=\"true\" class=\"fas fa-home\"><\/i>\t\t\t\t<\/span>\n\t\t\t<\/div>\n\t\t\t\n\t\t\t\t\t\t<div class=\"elementor-icon-box-content\">\n\n\t\t\t\t\n\t\t\t\t\t\t\t\t\t<p class=\"elementor-icon-box-description\">\n\t\t\t\t\t\tCALVO SOTELO, 58 - 27600 Sarria, Lugo\t\t\t\t\t<\/p>\n\t\t\t\t\n\t\t\t<\/div>\n\t\t\t\n\t\t<\/div>\n\t\t\t\t\t\t<\/div>\n\t\t\t\t<\/div>\n\t\t\t\t<div class=\"elementor-element elementor-element-8738270 elementor-position-inline-start elementor-view-default elementor-mobile-position-block-start elementor-widget elementor-widget-icon-box\" data-id=\"8738270\" data-element_type=\"widget\" data-e-type=\"widget\" data-widget_type=\"icon-box.default\">\n\t\t\t\t<div class=\"elementor-widget-container\">\n\t\t\t\t\t\t\t<div class=\"elementor-icon-box-wrapper\">\n\n\t\t\t\t\t\t<div class=\"elementor-icon-box-icon\">\n\t\t\t\t<span  class=\"elementor-icon\">\n\t\t\t\t<i aria-hidden=\"true\" class=\"fas fa-phone-square-alt\"><\/i>\t\t\t\t<\/span>\n\t\t\t<\/div>\n\t\t\t\n\t\t\t\t\t\t<div class=\"elementor-icon-box-content\">\n\n\t\t\t\t\n\t\t\t\t\t\t\t\t\t<p class=\"elementor-icon-box-description\">\n\t\t\t\t\t\t982 53 01 05\t\t\t\t\t<\/p>\n\t\t\t\t\n\t\t\t<\/div>\n\t\t\t\n\t\t<\/div>\n\t\t\t\t\t\t<\/div>\n\t\t\t\t<\/div>\n\t\t\t\t<div class=\"elementor-element elementor-element-cf971da elementor-position-inline-start elementor-view-default elementor-mobile-position-block-start elementor-widget elementor-widget-icon-box\" data-id=\"cf971da\" data-element_type=\"widget\" data-e-type=\"widget\" data-widget_type=\"icon-box.default\">\n\t\t\t\t<div class=\"elementor-widget-container\">\n\t\t\t\t\t\t\t<div class=\"elementor-icon-box-wrapper\">\n\n\t\t\t\t\t\t<div class=\"elementor-icon-box-icon\">\n\t\t\t\t<a href=\"mailto:%20estancogallego@gmail.com\" target=\"_blank\" class=\"elementor-icon\" tabindex=\"-1\" aria-label=\"estancogallego@gmail.com\">\n\t\t\t\t<i aria-hidden=\"true\" class=\"fas fa-at\"><\/i>\t\t\t\t<\/a>\n\t\t\t<\/div>\n\t\t\t\n\t\t\t\t\t\t<div class=\"elementor-icon-box-content\">\n\n\t\t\t\t\t\t\t\t\t<p class=\"elementor-icon-box-title\">\n\t\t\t\t\t\t<a href=\"mailto:%20estancogallego@gmail.com\" target=\"_blank\" >\n\t\t\t\t\t\t\testancogallego@gmail.com\t\t\t\t\t\t<\/a>\n\t\t\t\t\t<\/p>\n\t\t\t\t\n\t\t\t\t\n\t\t\t<\/div>\n\t\t\t\n\t\t<\/div>\n\t\t\t\t\t\t<\/div>\n\t\t\t\t<\/div>\n\t\t\t\t<div class=\"elementor-element elementor-element-f1d43cc elementor-widget elementor-widget-toggle\" data-id=\"f1d43cc\" data-element_type=\"widget\" data-e-type=\"widget\" data-widget_type=\"toggle.default\">\n\t\t\t\t<div class=\"elementor-widget-container\">\n\t\t\t\t\t\t\t<div class=\"elementor-toggle\">\n\t\t\t\t\t\t\t<div class=\"elementor-toggle-item\">\n\t\t\t\t\t<div id=\"elementor-tab-title-2531\" class=\"elementor-tab-title\" data-tab=\"1\" role=\"button\" aria-controls=\"elementor-tab-content-2531\" aria-expanded=\"false\">\n\t\t\t\t\t\t\t\t\t\t\t\t<span class=\"elementor-toggle-icon elementor-toggle-icon-left\" aria-hidden=\"true\">\n\t\t\t\t\t\t\t\t\t\t\t\t\t\t\t<span class=\"elementor-toggle-icon-closed\"><i class=\"fas fa-plus\"><\/i><\/span>\n\t\t\t\t\t\t\t\t<span class=\"elementor-toggle-icon-opened\"><i class=\"elementor-toggle-icon-opened fas fa-minus\"><\/i><\/span>\n\t\t\t\t\t\t\t\t\t\t\t\t\t<\/span>\n\t\t\t\t\t\t\t\t\t\t\t\t<a class=\"elementor-toggle-title\" tabindex=\"0\">&nbsp;informaci\u00f3n<\/a>\n\t\t\t\t\t<\/div>\n\n\t\t\t\t\t<div id=\"elementor-tab-content-2531\" class=\"elementor-tab-content elementor-clearfix\" data-tab=\"1\" role=\"region\" aria-labelledby=\"elementor-tab-title-2531\"><p>Prensa, revistas, selado loter\u00edas, recarga de m\u00f3biles, estanco, bebidas fr\u00edas, xeados, lambetadas, pan, fax e fotocopiadora.<\/p><\/div>\n\t\t\t\t<\/div>\n\t\t\t\t\t\t\t\t<\/div>\n\t\t\t\t\t\t<\/div>\n\t\t\t\t<\/div>\n\t\t\t\t\t<\/div>\n\t\t<\/div>\n\t\t\t\t<div class=\"elementor-column elementor-col-33 elementor-top-column elementor-element elementor-element-f65611a\" data-id=\"f65611a\" data-element_type=\"column\" data-e-type=\"column\">\n\t\t\t<div class=\"elementor-widget-wrap\">\n\t\t\t\t\t\t\t<\/div>\n\t\t<\/div>\n\t\t\t\t<div class=\"elementor-column elementor-col-33 elementor-top-column elementor-element elementor-element-0c2603d\" data-id=\"0c2603d\" data-element_type=\"column\" data-e-type=\"column\">\n\t\t\t<div class=\"elementor-widget-wrap\">\n\t\t\t\t\t\t\t<\/div>\n\t\t<\/div>\n\t\t\t\t\t<\/div>\n\t\t<\/section>\n\t\t\t\t<section class=\"elementor-section elementor-top-section elementor-element elementor-element-a41b6ed elementor-section-boxed elementor-section-height-default elementor-section-height-default\" data-id=\"a41b6ed\" data-element_type=\"section\" data-e-type=\"section\">\n\t\t\t\t\t\t<div class=\"elementor-container elementor-column-gap-default\">\n\t\t\t\t\t<div class=\"elementor-column elementor-col-100 elementor-top-column elementor-element elementor-element-548fa0a\" data-id=\"548fa0a\" data-element_type=\"column\" data-e-type=\"column\">\n\t\t\t<div class=\"elementor-widget-wrap elementor-element-populated\">\n\t\t\t\t\t\t<div class=\"elementor-element elementor-element-0e8afa2 elementor-widget elementor-widget-spacer\" data-id=\"0e8afa2\" data-element_type=\"widget\" data-e-type=\"widget\" data-widget_type=\"spacer.default\">\n\t\t\t\t<div class=\"elementor-widget-container\">\n\t\t\t\t\t\t\t<div class=\"elementor-spacer\">\n\t\t\t<div class=\"elementor-spacer-inner\"><\/div>\n\t\t<\/div>\n\t\t\t\t\t\t<\/div>\n\t\t\t\t<\/div>\n\t\t\t\t\t<\/div>\n\t\t<\/div>\n\t\t\t\t\t<\/div>\n\t\t<\/section>\n\t\t\t\t<\/div>\n\t\t","protected":false},"excerpt":{"rendered":"<p>Estancos ESTANCO GALLEGO CALVO SOTELO, 58 &#8211; 27600 Sarria, Lugo 982 53 01 05 estancogallego@gmail.com &nbsp;informaci\u00f3n Prensa, revistas, sellado loter\u00edas,[&#8230;]<\/p>\n","protected":false},"author":1,"featured_media":0,"parent":0,"menu_order":0,"comment_status":"closed","ping_status":"closed","template":"elementor_header_footer","meta":{"footnotes":""},"class_list":["post-323","page","type-page","status-publish","hentry"],"yoast_head":"<!-- This site is optimized with the Yoast SEO plugin v27.4 - https:\/\/yoast.com\/product\/yoast-seo-wordpress\/ -->\n<title>Estancos - ACES<\/title>\n<meta name=\"robots\" content=\"index, follow, max-snippet:-1, max-image-preview:large, max-video-preview:-1\" \/>\n<link rel=\"canonical\" href=\"https:\/\/acesarria.com\/es\/estancos\/\" \/>\n<meta property=\"og:locale\" content=\"es_ES\" \/>\n<meta property=\"og:type\" content=\"article\" \/>\n<meta property=\"og:title\" content=\"Estancos - ACES\" \/>\n<meta property=\"og:description\" content=\"Estancos ESTANCO GALLEGO CALVO SOTELO, 58 &#8211; 27600 Sarria, Lugo 982 53 01 05 estancogallego@gmail.com &nbsp;informaci\u00f3n Prensa, revistas, sellado loter\u00edas,[...]\" \/>\n<meta property=\"og:url\" content=\"https:\/\/acesarria.com\/es\/estancos\/\" \/>\n<meta property=\"og:site_name\" content=\"ACES\" \/>\n<meta property=\"article:modified_time\" content=\"2021-03-31T15:02:04+00:00\" \/>\n<meta property=\"og:image\" content=\"https:\/\/acesarria.com\/wp-content\/uploads\/2021\/03\/Estanco-Gallego.jpg\" \/>\n<meta name=\"twitter:card\" content=\"summary_large_image\" \/>\n<script type=\"application\/ld+json\" class=\"yoast-schema-graph\">{\"@context\":\"https:\\\/\\\/schema.org\",\"@graph\":[{\"@type\":\"WebPage\",\"@id\":\"https:\\\/\\\/acesarria.com\\\/es\\\/estancos\\\/\",\"url\":\"https:\\\/\\\/acesarria.com\\\/es\\\/estancos\\\/\",\"name\":\"Estancos - ACES\",\"isPartOf\":{\"@id\":\"https:\\\/\\\/acesarria.com\\\/#website\"},\"primaryImageOfPage\":{\"@id\":\"https:\\\/\\\/acesarria.com\\\/es\\\/estancos\\\/#primaryimage\"},\"image\":{\"@id\":\"https:\\\/\\\/acesarria.com\\\/es\\\/estancos\\\/#primaryimage\"},\"thumbnailUrl\":\"https:\\\/\\\/acesarria.com\\\/wp-content\\\/uploads\\\/2021\\\/03\\\/Estanco-Gallego.jpg\",\"datePublished\":\"2020-10-05T20:21:33+00:00\",\"dateModified\":\"2021-03-31T15:02:04+00:00\",\"breadcrumb\":{\"@id\":\"https:\\\/\\\/acesarria.com\\\/es\\\/estancos\\\/#breadcrumb\"},\"inLanguage\":\"es\",\"potentialAction\":[{\"@type\":\"ReadAction\",\"target\":[\"https:\\\/\\\/acesarria.com\\\/es\\\/estancos\\\/\"]}]},{\"@type\":\"ImageObject\",\"inLanguage\":\"es\",\"@id\":\"https:\\\/\\\/acesarria.com\\\/es\\\/estancos\\\/#primaryimage\",\"url\":\"https:\\\/\\\/acesarria.com\\\/wp-content\\\/uploads\\\/2021\\\/03\\\/Estanco-Gallego.jpg\",\"contentUrl\":\"https:\\\/\\\/acesarria.com\\\/wp-content\\\/uploads\\\/2021\\\/03\\\/Estanco-Gallego.jpg\"},{\"@type\":\"BreadcrumbList\",\"@id\":\"https:\\\/\\\/acesarria.com\\\/es\\\/estancos\\\/#breadcrumb\",\"itemListElement\":[{\"@type\":\"ListItem\",\"position\":1,\"name\":\"Home\",\"item\":\"https:\\\/\\\/acesarria.com\\\/\"},{\"@type\":\"ListItem\",\"position\":2,\"name\":\"Estancos\"}]},{\"@type\":\"WebSite\",\"@id\":\"https:\\\/\\\/acesarria.com\\\/#website\",\"url\":\"https:\\\/\\\/acesarria.com\\\/\",\"name\":\"ACES\",\"description\":\"Asociaci\u00f3n de Comerciantes e Empresarios de Sarria\",\"publisher\":{\"@id\":\"https:\\\/\\\/acesarria.com\\\/#organization\"},\"potentialAction\":[{\"@type\":\"SearchAction\",\"target\":{\"@type\":\"EntryPoint\",\"urlTemplate\":\"https:\\\/\\\/acesarria.com\\\/?s={search_term_string}\"},\"query-input\":{\"@type\":\"PropertyValueSpecification\",\"valueRequired\":true,\"valueName\":\"search_term_string\"}}],\"inLanguage\":\"es\"},{\"@type\":\"Organization\",\"@id\":\"https:\\\/\\\/acesarria.com\\\/#organization\",\"name\":\"ACES\",\"url\":\"https:\\\/\\\/acesarria.com\\\/\",\"logo\":{\"@type\":\"ImageObject\",\"inLanguage\":\"es\",\"@id\":\"https:\\\/\\\/acesarria.com\\\/#\\\/schema\\\/logo\\\/image\\\/\",\"url\":\"https:\\\/\\\/acesarria.com\\\/wp-content\\\/uploads\\\/2020\\\/08\\\/logo-aces-white.png\",\"contentUrl\":\"https:\\\/\\\/acesarria.com\\\/wp-content\\\/uploads\\\/2020\\\/08\\\/logo-aces-white.png\",\"width\":250,\"height\":107,\"caption\":\"ACES\"},\"image\":{\"@id\":\"https:\\\/\\\/acesarria.com\\\/#\\\/schema\\\/logo\\\/image\\\/\"}}]}<\/script>\n<!-- \/ Yoast SEO plugin. -->","yoast_head_json":{"title":"Estancos - ACES","robots":{"index":"index","follow":"follow","max-snippet":"max-snippet:-1","max-image-preview":"max-image-preview:large","max-video-preview":"max-video-preview:-1"},"canonical":"https:\/\/acesarria.com\/es\/estancos\/","og_locale":"es_ES","og_type":"article","og_title":"Estancos - ACES","og_description":"Estancos ESTANCO GALLEGO CALVO SOTELO, 58 &#8211; 27600 Sarria, Lugo 982 53 01 05 estancogallego@gmail.com &nbsp;informaci\u00f3n Prensa, revistas, sellado loter\u00edas,[...]","og_url":"https:\/\/acesarria.com\/es\/estancos\/","og_site_name":"ACES","article_modified_time":"2021-03-31T15:02:04+00:00","og_image":[{"url":"https:\/\/acesarria.com\/wp-content\/uploads\/2021\/03\/Estanco-Gallego.jpg","type":"","width":"","height":""}],"twitter_card":"summary_large_image","schema":{"@context":"https:\/\/schema.org","@graph":[{"@type":"WebPage","@id":"https:\/\/acesarria.com\/es\/estancos\/","url":"https:\/\/acesarria.com\/es\/estancos\/","name":"Estancos - ACES","isPartOf":{"@id":"https:\/\/acesarria.com\/#website"},"primaryImageOfPage":{"@id":"https:\/\/acesarria.com\/es\/estancos\/#primaryimage"},"image":{"@id":"https:\/\/acesarria.com\/es\/estancos\/#primaryimage"},"thumbnailUrl":"https:\/\/acesarria.com\/wp-content\/uploads\/2021\/03\/Estanco-Gallego.jpg","datePublished":"2020-10-05T20:21:33+00:00","dateModified":"2021-03-31T15:02:04+00:00","breadcrumb":{"@id":"https:\/\/acesarria.com\/es\/estancos\/#breadcrumb"},"inLanguage":"es","potentialAction":[{"@type":"ReadAction","target":["https:\/\/acesarria.com\/es\/estancos\/"]}]},{"@type":"ImageObject","inLanguage":"es","@id":"https:\/\/acesarria.com\/es\/estancos\/#primaryimage","url":"https:\/\/acesarria.com\/wp-content\/uploads\/2021\/03\/Estanco-Gallego.jpg","contentUrl":"https:\/\/acesarria.com\/wp-content\/uploads\/2021\/03\/Estanco-Gallego.jpg"},{"@type":"BreadcrumbList","@id":"https:\/\/acesarria.com\/es\/estancos\/#breadcrumb","itemListElement":[{"@type":"ListItem","position":1,"name":"Home","item":"https:\/\/acesarria.com\/"},{"@type":"ListItem","position":2,"name":"Estancos"}]},{"@type":"WebSite","@id":"https:\/\/acesarria.com\/#website","url":"https:\/\/acesarria.com\/","name":"ACES","description":"Asociaci\u00f3n de Comerciantes e Empresarios de Sarria","publisher":{"@id":"https:\/\/acesarria.com\/#organization"},"potentialAction":[{"@type":"SearchAction","target":{"@type":"EntryPoint","urlTemplate":"https:\/\/acesarria.com\/?s={search_term_string}"},"query-input":{"@type":"PropertyValueSpecification","valueRequired":true,"valueName":"search_term_string"}}],"inLanguage":"es"},{"@type":"Organization","@id":"https:\/\/acesarria.com\/#organization","name":"ACES","url":"https:\/\/acesarria.com\/","logo":{"@type":"ImageObject","inLanguage":"es","@id":"https:\/\/acesarria.com\/#\/schema\/logo\/image\/","url":"https:\/\/acesarria.com\/wp-content\/uploads\/2020\/08\/logo-aces-white.png","contentUrl":"https:\/\/acesarria.com\/wp-content\/uploads\/2020\/08\/logo-aces-white.png","width":250,"height":107,"caption":"ACES"},"image":{"@id":"https:\/\/acesarria.com\/#\/schema\/logo\/image\/"}}]}},"_links":{"self":[{"href":"https:\/\/acesarria.com\/es\/wp-json\/wp\/v2\/pages\/323","targetHints":{"allow":["GET"]}}],"collection":[{"href":"https:\/\/acesarria.com\/es\/wp-json\/wp\/v2\/pages"}],"about":[{"href":"https:\/\/acesarria.com\/es\/wp-json\/wp\/v2\/types\/page"}],"author":[{"embeddable":true,"href":"https:\/\/acesarria.com\/es\/wp-json\/wp\/v2\/users\/1"}],"replies":[{"embeddable":true,"href":"https:\/\/acesarria.com\/es\/wp-json\/wp\/v2\/comments?post=323"}],"version-history":[{"count":28,"href":"https:\/\/acesarria.com\/es\/wp-json\/wp\/v2\/pages\/323\/revisions"}],"predecessor-version":[{"id":3494,"href":"https:\/\/acesarria.com\/es\/wp-json\/wp\/v2\/pages\/323\/revisions\/3494"}],"wp:attachment":[{"href":"https:\/\/acesarria.com\/es\/wp-json\/wp\/v2\/media?parent=323"}],"curies":[{"name":"wp","href":"https:\/\/api.w.org\/{rel}","templated":true}]}}