{"id":53,"date":"2020-08-18T19:23:02","date_gmt":"2020-08-18T17:23:02","guid":{"rendered":"http:\/\/www.acesarria.com\/?page_id=53"},"modified":"2021-03-12T16:26:59","modified_gmt":"2021-03-12T14:26:59","slug":"a-asociacion","status":"publish","type":"page","link":"https:\/\/acesarria.com\/es\/a-asociacion\/","title":{"rendered":"La Asociaci\u00f3n"},"content":{"rendered":"\t\t<div data-elementor-type=\"wp-page\" data-elementor-id=\"53\" class=\"elementor elementor-53\">\n\t\t\t\t\t\t<section class=\"elementor-section elementor-top-section elementor-element elementor-element-50bded3 elementor-section-boxed elementor-section-height-default elementor-section-height-default\" data-id=\"50bded3\" data-element_type=\"section\" data-e-type=\"section\">\n\t\t\t\t\t\t<div class=\"elementor-container elementor-column-gap-default\">\n\t\t\t\t\t<div class=\"elementor-column elementor-col-100 elementor-top-column elementor-element elementor-element-2d70c924\" data-id=\"2d70c924\" data-element_type=\"column\" data-e-type=\"column\">\n\t\t\t<div class=\"elementor-widget-wrap elementor-element-populated\">\n\t\t\t\t\t\t<div class=\"elementor-element elementor-element-2c6f252b elementor-widget elementor-widget-text-editor\" data-id=\"2c6f252b\" data-element_type=\"widget\" data-e-type=\"widget\" data-widget_type=\"text-editor.default\">\n\t\t\t\t<div class=\"elementor-widget-container\">\n\t\t\t\t\t\t\t\t\t<p><\/p>\n<h2>Asociaci\u00f3n de Comerciantes, Empresarios, Profesionais e Aut\u00f3nomos de Sarria (Aces)<\/h2>\n<p><strong>A Asociaci\u00f3n de Comerciantes, Empresarios, Profesionais e Aut\u00f3nomos de Sarria (Aces)<\/strong>, nace polo ano 1996 e f\u00f3rmase ante a inquietude dun grupo de comerciantes que decidiron creala co fin de p\u00f3r en valor o pequeno comercio da localidade, as\u00ed como toda a actividade de servizos e hostaleira que ten a vila.<\/p>\n<p>Aos poucos, e con moito traballo, f\u00f3ronse facendo cousas por promocionar, publicitar e modernizar o noso pequeno comercio, not\u00e1ndose actualmente estes anos de traballo \u00e1 hora de percorrer os establecementos. Podemos observar que unha gran maior\u00eda est\u00e1n informatizados e subidos ao tren das novos tempos, os interiores dos establecementos bastante actualizados e renovados e os seus escaparates mostran con gusto e disposici\u00f3n os artigos que poderemos observar m\u00e1is detalladamente no interior.<\/p>\n<p>Desde o 2004, met\u00e9monos de cheo na creaci\u00f3n dun <strong>Centro Comercial Urbano (CCU)<\/strong>. A poucos fomos avanzando na consolidaci\u00f3n deste. Na actualidade, os establecementos que pertencen ao CCU at\u00f3panse plenamente identificados para os clientes e neles poder\u00e1n atopar todo o que lles ofrecemos nas nosas campa\u00f1as publicitarias e promocionais.<\/p>\n<p>Durante todo o ano pomos en funcionamento campa\u00f1as como \u00abSAN VALENTIN\u00bb, \u00abDIA DO PAI\u00bb, \u00abDIA DA NAI\u00bb, \u00abPRIMAVERA &#8211; VER\u00c1N\u00bb, \u00abVOLTA O COLE\u00bb, \u00abOUTONO &#8211; INVERNO\u00bb e a de \u00abNADAL\u00bb, na que nos encargamos de coordinar todo o alumado das r\u00faas da vila e que terminamos cunha gran festa na tarde do d\u00eda de Reyes, onde sorteamos un escaparate de premios.<\/p>\n<p>A nivel de relaci\u00f3ns con outros estamentos empresariais, pertencemos \u00e1 Federaci\u00f3n de Comercio de Lugo (FCL), \u00e1 Federaci\u00f3n Galega de Comercio (FGC), e estamos inclu\u00eddos na Rede de Centros Comerciais Abertos de Galicia (CCA).<\/p>\t\t\t\t\t\t\t\t<\/div>\n\t\t\t\t<\/div>\n\t\t\t\t\t<\/div>\n\t\t<\/div>\n\t\t\t\t\t<\/div>\n\t\t<\/section>\n\t\t\t\t<section class=\"elementor-section elementor-top-section elementor-element elementor-element-5d22c54 elementor-section-boxed elementor-section-height-default elementor-section-height-default\" data-id=\"5d22c54\" data-element_type=\"section\" data-e-type=\"section\">\n\t\t\t\t\t\t<div class=\"elementor-container elementor-column-gap-default\">\n\t\t\t\t\t<div class=\"elementor-column elementor-col-50 elementor-top-column elementor-element elementor-element-1ab61c6\" data-id=\"1ab61c6\" data-element_type=\"column\" data-e-type=\"column\">\n\t\t\t<div class=\"elementor-widget-wrap elementor-element-populated\">\n\t\t\t\t\t\t<div class=\"elementor-element elementor-element-f4a6cdb elementor-widget elementor-widget-image\" data-id=\"f4a6cdb\" data-element_type=\"widget\" data-e-type=\"widget\" data-widget_type=\"image.default\">\n\t\t\t\t<div class=\"elementor-widget-container\">\n\t\t\t\t\t\t\t\t\t\t\t\t\t\t\t<img fetchpriority=\"high\" decoding=\"async\" width=\"386\" height=\"500\" src=\"https:\/\/acesarria.com\/wp-content\/uploads\/2020\/10\/variedade.jpg\" class=\"attachment-large size-large wp-image-514\" alt=\"\" srcset=\"https:\/\/acesarria.com\/wp-content\/uploads\/2020\/10\/variedade.jpg 386w, https:\/\/acesarria.com\/wp-content\/uploads\/2020\/10\/variedade-232x300.jpg 232w\" sizes=\"(max-width: 386px) 100vw, 386px\" \/>\t\t\t\t\t\t\t\t\t\t\t\t\t\t\t<\/div>\n\t\t\t\t<\/div>\n\t\t\t\t\t<\/div>\n\t\t<\/div>\n\t\t\t\t<div class=\"elementor-column elementor-col-50 elementor-top-column elementor-element elementor-element-51c6023\" data-id=\"51c6023\" data-element_type=\"column\" data-e-type=\"column\">\n\t\t\t<div class=\"elementor-widget-wrap elementor-element-populated\">\n\t\t\t\t\t\t<div class=\"elementor-element elementor-element-e21ef75 elementor-widget elementor-widget-image\" data-id=\"e21ef75\" data-element_type=\"widget\" data-e-type=\"widget\" data-widget_type=\"image.default\">\n\t\t\t\t<div class=\"elementor-widget-container\">\n\t\t\t\t\t\t\t\t\t\t\t\t\t\t\t<img decoding=\"async\" width=\"386\" height=\"500\" src=\"https:\/\/acesarria.com\/wp-content\/uploads\/2020\/10\/compromiso.jpg\" class=\"attachment-large size-large wp-image-512\" alt=\"\" srcset=\"https:\/\/acesarria.com\/wp-content\/uploads\/2020\/10\/compromiso.jpg 386w, https:\/\/acesarria.com\/wp-content\/uploads\/2020\/10\/compromiso-232x300.jpg 232w\" sizes=\"(max-width: 386px) 100vw, 386px\" \/>\t\t\t\t\t\t\t\t\t\t\t\t\t\t\t<\/div>\n\t\t\t\t<\/div>\n\t\t\t\t\t<\/div>\n\t\t<\/div>\n\t\t\t\t\t<\/div>\n\t\t<\/section>\n\t\t\t\t<section class=\"elementor-section elementor-top-section elementor-element elementor-element-c564c26 elementor-section-boxed elementor-section-height-default elementor-section-height-default\" data-id=\"c564c26\" data-element_type=\"section\" data-e-type=\"section\">\n\t\t\t\t\t\t<div class=\"elementor-container elementor-column-gap-default\">\n\t\t\t\t\t<div class=\"elementor-column elementor-col-50 elementor-top-column elementor-element elementor-element-05fd5ce\" data-id=\"05fd5ce\" data-element_type=\"column\" data-e-type=\"column\">\n\t\t\t<div class=\"elementor-widget-wrap elementor-element-populated\">\n\t\t\t\t\t\t<div class=\"elementor-element elementor-element-796f0d1 elementor-widget elementor-widget-image\" data-id=\"796f0d1\" data-element_type=\"widget\" data-e-type=\"widget\" data-widget_type=\"image.default\">\n\t\t\t\t<div class=\"elementor-widget-container\">\n\t\t\t\t\t\t\t\t\t\t\t\t\t\t\t<img decoding=\"async\" width=\"386\" height=\"500\" src=\"https:\/\/acesarria.com\/wp-content\/uploads\/2020\/10\/sorriso.jpg\" class=\"attachment-large size-large wp-image-513\" alt=\"\" srcset=\"https:\/\/acesarria.com\/wp-content\/uploads\/2020\/10\/sorriso.jpg 386w, https:\/\/acesarria.com\/wp-content\/uploads\/2020\/10\/sorriso-232x300.jpg 232w\" sizes=\"(max-width: 386px) 100vw, 386px\" \/>\t\t\t\t\t\t\t\t\t\t\t\t\t\t\t<\/div>\n\t\t\t\t<\/div>\n\t\t\t\t\t<\/div>\n\t\t<\/div>\n\t\t\t\t<div class=\"elementor-column elementor-col-50 elementor-top-column elementor-element elementor-element-0668895\" data-id=\"0668895\" data-element_type=\"column\" data-e-type=\"column\">\n\t\t\t<div class=\"elementor-widget-wrap elementor-element-populated\">\n\t\t\t\t\t\t<div class=\"elementor-element elementor-element-04aec6a elementor-widget elementor-widget-image\" data-id=\"04aec6a\" data-element_type=\"widget\" data-e-type=\"widget\" data-widget_type=\"image.default\">\n\t\t\t\t<div class=\"elementor-widget-container\">\n\t\t\t\t\t\t\t\t\t\t\t\t\t\t\t<img loading=\"lazy\" decoding=\"async\" width=\"386\" height=\"500\" src=\"https:\/\/acesarria.com\/wp-content\/uploads\/2020\/10\/aforro.jpg\" class=\"attachment-large size-large wp-image-511\" alt=\"\" srcset=\"https:\/\/acesarria.com\/wp-content\/uploads\/2020\/10\/aforro.jpg 386w, https:\/\/acesarria.com\/wp-content\/uploads\/2020\/10\/aforro-232x300.jpg 232w\" sizes=\"(max-width: 386px) 100vw, 386px\" \/>\t\t\t\t\t\t\t\t\t\t\t\t\t\t\t<\/div>\n\t\t\t\t<\/div>\n\t\t\t\t\t<\/div>\n\t\t<\/div>\n\t\t\t\t\t<\/div>\n\t\t<\/section>\n\t\t\t\t<\/div>\n\t\t","protected":false},"excerpt":{"rendered":"<p>La Asociaci\u00f3n de Comerciantes, Empresarios, Profesionales y Aut\u00f3nomos de Sarria (Aces) La Asociaci\u00f3n de Comerciantes, Empresarios, Profesionales y Aut\u00f3nomos de[&#8230;]<\/p>\n","protected":false},"author":1,"featured_media":0,"parent":0,"menu_order":0,"comment_status":"closed","ping_status":"closed","template":"","meta":{"footnotes":""},"class_list":["post-53","page","type-page","status-publish","hentry"],"yoast_head":"<!-- This site is optimized with the Yoast SEO plugin v27.4 - https:\/\/yoast.com\/product\/yoast-seo-wordpress\/ -->\n<title>La Asociaci\u00f3n - ACES<\/title>\n<meta name=\"robots\" content=\"index, follow, max-snippet:-1, max-image-preview:large, max-video-preview:-1\" \/>\n<link rel=\"canonical\" href=\"https:\/\/acesarria.com\/a-asociacion\/\" \/>\n<meta property=\"og:locale\" content=\"es_ES\" \/>\n<meta property=\"og:type\" content=\"article\" \/>\n<meta property=\"og:title\" content=\"[:gl]A Asociaci\u00f3n[:es]La Asociaci\u00f3n[:] - ACES\" \/>\n<meta property=\"og:description\" content=\"La Asociaci\u00f3n de Comerciantes, Empresarios, Profesionales y Aut\u00f3nomos de Sarria (Aces) La Asociaci\u00f3n de Comerciantes, Empresarios, Profesionales y Aut\u00f3nomos de[...]\" \/>\n<meta property=\"og:url\" content=\"https:\/\/acesarria.com\/a-asociacion\/\" \/>\n<meta property=\"og:site_name\" content=\"ACES\" \/>\n<meta property=\"article:modified_time\" content=\"2021-03-12T14:26:59+00:00\" \/>\n<meta property=\"og:image\" content=\"https:\/\/acesarria.com\/wp-content\/uploads\/2020\/10\/variedade.jpg\" \/>\n<meta name=\"twitter:card\" content=\"summary_large_image\" \/>\n<meta name=\"twitter:label1\" content=\"Tiempo de lectura\" \/>\n\t<meta name=\"twitter:data1\" content=\"3 minutos\" \/>\n<script type=\"application\/ld+json\" class=\"yoast-schema-graph\">{\"@context\":\"https:\\\/\\\/schema.org\",\"@graph\":[{\"@type\":\"WebPage\",\"@id\":\"https:\\\/\\\/acesarria.com\\\/a-asociacion\\\/\",\"url\":\"https:\\\/\\\/acesarria.com\\\/a-asociacion\\\/\",\"name\":\"[:gl]A Asociaci\u00f3n[:es]La Asociaci\u00f3n[:] - ACES\",\"isPartOf\":{\"@id\":\"https:\\\/\\\/acesarria.com\\\/#website\"},\"primaryImageOfPage\":{\"@id\":\"https:\\\/\\\/acesarria.com\\\/a-asociacion\\\/#primaryimage\"},\"image\":{\"@id\":\"https:\\\/\\\/acesarria.com\\\/a-asociacion\\\/#primaryimage\"},\"thumbnailUrl\":\"https:\\\/\\\/acesarria.com\\\/wp-content\\\/uploads\\\/2020\\\/10\\\/variedade.jpg\",\"datePublished\":\"2020-08-18T17:23:02+00:00\",\"dateModified\":\"2021-03-12T14:26:59+00:00\",\"breadcrumb\":{\"@id\":\"https:\\\/\\\/acesarria.com\\\/a-asociacion\\\/#breadcrumb\"},\"inLanguage\":\"es\",\"potentialAction\":[{\"@type\":\"ReadAction\",\"target\":[\"https:\\\/\\\/acesarria.com\\\/a-asociacion\\\/\"]}]},{\"@type\":\"ImageObject\",\"inLanguage\":\"es\",\"@id\":\"https:\\\/\\\/acesarria.com\\\/a-asociacion\\\/#primaryimage\",\"url\":\"https:\\\/\\\/acesarria.com\\\/wp-content\\\/uploads\\\/2020\\\/10\\\/variedade.jpg\",\"contentUrl\":\"https:\\\/\\\/acesarria.com\\\/wp-content\\\/uploads\\\/2020\\\/10\\\/variedade.jpg\"},{\"@type\":\"BreadcrumbList\",\"@id\":\"https:\\\/\\\/acesarria.com\\\/a-asociacion\\\/#breadcrumb\",\"itemListElement\":[{\"@type\":\"ListItem\",\"position\":1,\"name\":\"Home\",\"item\":\"https:\\\/\\\/acesarria.com\\\/\"},{\"@type\":\"ListItem\",\"position\":2,\"name\":\"A Asociaci\u00f3n\"}]},{\"@type\":\"WebSite\",\"@id\":\"https:\\\/\\\/acesarria.com\\\/#website\",\"url\":\"https:\\\/\\\/acesarria.com\\\/\",\"name\":\"ACES\",\"description\":\"Asociaci\u00f3n de Comerciantes e Empresarios de Sarria\",\"publisher\":{\"@id\":\"https:\\\/\\\/acesarria.com\\\/#organization\"},\"potentialAction\":[{\"@type\":\"SearchAction\",\"target\":{\"@type\":\"EntryPoint\",\"urlTemplate\":\"https:\\\/\\\/acesarria.com\\\/?s={search_term_string}\"},\"query-input\":{\"@type\":\"PropertyValueSpecification\",\"valueRequired\":true,\"valueName\":\"search_term_string\"}}],\"inLanguage\":\"es\"},{\"@type\":\"Organization\",\"@id\":\"https:\\\/\\\/acesarria.com\\\/#organization\",\"name\":\"ACES\",\"url\":\"https:\\\/\\\/acesarria.com\\\/\",\"logo\":{\"@type\":\"ImageObject\",\"inLanguage\":\"es\",\"@id\":\"https:\\\/\\\/acesarria.com\\\/#\\\/schema\\\/logo\\\/image\\\/\",\"url\":\"https:\\\/\\\/acesarria.com\\\/wp-content\\\/uploads\\\/2020\\\/08\\\/logo-aces-white.png\",\"contentUrl\":\"https:\\\/\\\/acesarria.com\\\/wp-content\\\/uploads\\\/2020\\\/08\\\/logo-aces-white.png\",\"width\":250,\"height\":107,\"caption\":\"ACES\"},\"image\":{\"@id\":\"https:\\\/\\\/acesarria.com\\\/#\\\/schema\\\/logo\\\/image\\\/\"}}]}<\/script>\n<!-- \/ Yoast SEO plugin. -->","yoast_head_json":{"title":"[:gl]A Asociaci\u00f3n[:es]La Asociaci\u00f3n[:] - ACES","robots":{"index":"index","follow":"follow","max-snippet":"max-snippet:-1","max-image-preview":"max-image-preview:large","max-video-preview":"max-video-preview:-1"},"canonical":"https:\/\/acesarria.com\/a-asociacion\/","og_locale":"es_ES","og_type":"article","og_title":"[:gl]A Asociaci\u00f3n[:es]La Asociaci\u00f3n[:] - ACES","og_description":"La Asociaci\u00f3n de Comerciantes, Empresarios, Profesionales y Aut\u00f3nomos de Sarria (Aces) La Asociaci\u00f3n de Comerciantes, Empresarios, Profesionales y Aut\u00f3nomos de[...]","og_url":"https:\/\/acesarria.com\/a-asociacion\/","og_site_name":"ACES","article_modified_time":"2021-03-12T14:26:59+00:00","og_image":[{"url":"https:\/\/acesarria.com\/wp-content\/uploads\/2020\/10\/variedade.jpg","type":"","width":"","height":""}],"twitter_card":"summary_large_image","twitter_misc":{"Tiempo de lectura":"3 minutos"},"schema":{"@context":"https:\/\/schema.org","@graph":[{"@type":"WebPage","@id":"https:\/\/acesarria.com\/a-asociacion\/","url":"https:\/\/acesarria.com\/a-asociacion\/","name":"[:gl]A Asociaci\u00f3n[:es]La Asociaci\u00f3n[:] - ACES","isPartOf":{"@id":"https:\/\/acesarria.com\/#website"},"primaryImageOfPage":{"@id":"https:\/\/acesarria.com\/a-asociacion\/#primaryimage"},"image":{"@id":"https:\/\/acesarria.com\/a-asociacion\/#primaryimage"},"thumbnailUrl":"https:\/\/acesarria.com\/wp-content\/uploads\/2020\/10\/variedade.jpg","datePublished":"2020-08-18T17:23:02+00:00","dateModified":"2021-03-12T14:26:59+00:00","breadcrumb":{"@id":"https:\/\/acesarria.com\/a-asociacion\/#breadcrumb"},"inLanguage":"es","potentialAction":[{"@type":"ReadAction","target":["https:\/\/acesarria.com\/a-asociacion\/"]}]},{"@type":"ImageObject","inLanguage":"es","@id":"https:\/\/acesarria.com\/a-asociacion\/#primaryimage","url":"https:\/\/acesarria.com\/wp-content\/uploads\/2020\/10\/variedade.jpg","contentUrl":"https:\/\/acesarria.com\/wp-content\/uploads\/2020\/10\/variedade.jpg"},{"@type":"BreadcrumbList","@id":"https:\/\/acesarria.com\/a-asociacion\/#breadcrumb","itemListElement":[{"@type":"ListItem","position":1,"name":"Home","item":"https:\/\/acesarria.com\/"},{"@type":"ListItem","position":2,"name":"A Asociaci\u00f3n"}]},{"@type":"WebSite","@id":"https:\/\/acesarria.com\/#website","url":"https:\/\/acesarria.com\/","name":"ACES","description":"Asociaci\u00f3n de Comerciantes e Empresarios de Sarria","publisher":{"@id":"https:\/\/acesarria.com\/#organization"},"potentialAction":[{"@type":"SearchAction","target":{"@type":"EntryPoint","urlTemplate":"https:\/\/acesarria.com\/?s={search_term_string}"},"query-input":{"@type":"PropertyValueSpecification","valueRequired":true,"valueName":"search_term_string"}}],"inLanguage":"es"},{"@type":"Organization","@id":"https:\/\/acesarria.com\/#organization","name":"ACES","url":"https:\/\/acesarria.com\/","logo":{"@type":"ImageObject","inLanguage":"es","@id":"https:\/\/acesarria.com\/#\/schema\/logo\/image\/","url":"https:\/\/acesarria.com\/wp-content\/uploads\/2020\/08\/logo-aces-white.png","contentUrl":"https:\/\/acesarria.com\/wp-content\/uploads\/2020\/08\/logo-aces-white.png","width":250,"height":107,"caption":"ACES"},"image":{"@id":"https:\/\/acesarria.com\/#\/schema\/logo\/image\/"}}]}},"_links":{"self":[{"href":"https:\/\/acesarria.com\/es\/wp-json\/wp\/v2\/pages\/53","targetHints":{"allow":["GET"]}}],"collection":[{"href":"https:\/\/acesarria.com\/es\/wp-json\/wp\/v2\/pages"}],"about":[{"href":"https:\/\/acesarria.com\/es\/wp-json\/wp\/v2\/types\/page"}],"author":[{"embeddable":true,"href":"https:\/\/acesarria.com\/es\/wp-json\/wp\/v2\/users\/1"}],"replies":[{"embeddable":true,"href":"https:\/\/acesarria.com\/es\/wp-json\/wp\/v2\/comments?post=53"}],"version-history":[{"count":6,"href":"https:\/\/acesarria.com\/es\/wp-json\/wp\/v2\/pages\/53\/revisions"}],"predecessor-version":[{"id":1776,"href":"https:\/\/acesarria.com\/es\/wp-json\/wp\/v2\/pages\/53\/revisions\/1776"}],"wp:attachment":[{"href":"https:\/\/acesarria.com\/es\/wp-json\/wp\/v2\/media?parent=53"}],"curies":[{"name":"wp","href":"https:\/\/api.w.org\/{rel}","templated":true}]}}